{"id":56,"date":"2024-11-25T10:19:36","date_gmt":"2024-11-25T09:19:36","guid":{"rendered":"http:\/\/localhost:8888\/alessia_napolitano\/?page_id=56"},"modified":"2025-02-17T12:32:18","modified_gmt":"2025-02-17T11:32:18","slug":"manifesto","status":"publish","type":"page","link":"https:\/\/alessianapolitano.it\/index.php\/manifesto\/","title":{"rendered":"Manifesto"},"content":{"rendered":"\n<div class=\"wp-block-group alignfull has-base-background-color has-background has-global-padding is-layout-constrained wp-container-core-group-is-layout-1 wp-block-group-is-layout-constrained\" style=\"margin-top:0;margin-bottom:0;padding-top:var(--wp--preset--spacing--10);padding-right:var(--wp--preset--spacing--50);padding-bottom:var(--wp--preset--spacing--10);padding-left:var(--wp--preset--spacing--50)\">\n<div class=\"wp-block-cover alignwide has-aspect-ratio\" style=\"border-radius:0px;padding-top:0;padding-right:0;padding-bottom:0;padding-left:0;aspect-ratio:16\/9;min-height:unset;\"><span aria-hidden=\"true\" class=\"wp-block-cover__background has-background-dim-0 has-background-dim\" style=\"background-color:#423833\"><\/span><img loading=\"lazy\" decoding=\"async\" width=\"2560\" height=\"1707\" class=\"wp-block-cover__image-background wp-image-638\" alt=\"\" src=\"https:\/\/alessianapolitano.it\/wp-content\/uploads\/2025\/02\/manifesto_daniela-tieni-scaled.jpg\" data-object-fit=\"cover\" srcset=\"https:\/\/alessianapolitano.it\/wp-content\/uploads\/2025\/02\/manifesto_daniela-tieni-scaled.jpg 2560w, https:\/\/alessianapolitano.it\/wp-content\/uploads\/2025\/02\/manifesto_daniela-tieni-300x200.jpg 300w, https:\/\/alessianapolitano.it\/wp-content\/uploads\/2025\/02\/manifesto_daniela-tieni-1024x683.jpg 1024w, https:\/\/alessianapolitano.it\/wp-content\/uploads\/2025\/02\/manifesto_daniela-tieni-768x512.jpg 768w, https:\/\/alessianapolitano.it\/wp-content\/uploads\/2025\/02\/manifesto_daniela-tieni-1536x1024.jpg 1536w, https:\/\/alessianapolitano.it\/wp-content\/uploads\/2025\/02\/manifesto_daniela-tieni-2048x1365.jpg 2048w\" sizes=\"auto, (max-width: 2560px) 100vw, 2560px\" \/><div class=\"wp-block-cover__inner-container has-global-padding is-layout-constrained wp-container-core-cover-is-layout-1 wp-block-cover-is-layout-constrained\">\n<p class=\"has-text-align-center has-large-font-size\"><\/p>\n<\/div><\/div>\n\n\n\n<blockquote class=\"wp-block-quote alignwide is-layout-flow wp-block-quote-is-layout-flow\" style=\"border-radius:0px;margin-top:var(--wp--preset--spacing--10);margin-right:0;margin-bottom:var(--wp--preset--spacing--10);margin-left:0;padding-top:var(--wp--preset--spacing--10);padding-right:var(--wp--preset--spacing--10);padding-bottom:var(--wp--preset--spacing--10);padding-left:var(--wp--preset--spacing--10)\">\n<h3 class=\"wp-block-heading has-text-align-left is-style-default has-large-font-size\">Mi chiamo Alessia Napolitano.<\/h3>\n\n\n\n<div style=\"height:0\" aria-hidden=\"true\" class=\"wp-block-spacer\"><\/div>\n\n\n\n<p class=\"has-text-align-left has-medium-font-size\">Mi occupo di letteratura per l\u2019infanzia affidandomi a una poetica che continua ad evolversi nel tempo e grazie al confronto con tutte le mie lettrici.<\/p>\n<\/blockquote>\n\n\n\n<div class=\"wp-block-columns alignwide is-layout-flex wp-container-core-columns-is-layout-1 wp-block-columns-is-layout-flex\">\n<div class=\"wp-block-column is-vertically-aligned-stretch is-layout-flow wp-block-column-is-layout-flow\" style=\"flex-basis:40%\">\n<h2 class=\"wp-block-heading has-text-align-left has-large-font-size\">Uno sguardo in divenire<\/h2>\n\n\n\n<p>Amo la letteratura per l\u2019infanzia proprio in virt\u00f9 di quel \u201cper\u201d precipuo che da sempre mi restituisce la giusta misura con cui guardare e studiare l\u2019editoria dedicata a bambini e ragazzi. Progetto e conduco percorsi di formazione per adulti perch\u00e9 possano diventare lettori sempre pi\u00f9 sensibili ai linguaggi della letteratura, e portare questa ricchezza ai bambini.<\/p>\n\n\n\n<p class=\"has-text-align-left has-medium-font-size\">Il mio \u00e8 un approccio che \u00e8 cambiato nel tempo e che continuer\u00e0 a cambiare, e lo condivido con voi cos\u00ec che possiate fare vostro questo intento al divenire, questo sguardo sul presente che sempre ci interroga su cosa significhi il gesto di leggere.<\/p>\n<\/div>\n\n\n\n<div class=\"wp-block-column is-vertically-aligned-center is-layout-flow wp-block-column-is-layout-flow\" style=\"flex-basis:60%\">\n<div class=\"wp-block-cover has-custom-content-position is-position-bottom-right has-aspect-ratio\" style=\"border-radius:0px;aspect-ratio:16\/9;min-height:unset;\"><span aria-hidden=\"true\" class=\"wp-block-cover__background has-background-dim-0 has-background-dim\" style=\"background-color:#746459\"><\/span><img loading=\"lazy\" decoding=\"async\" width=\"2200\" height=\"1467\" class=\"wp-block-cover__image-background wp-image-641\" alt=\"\" src=\"https:\/\/alessianapolitano.it\/wp-content\/uploads\/2025\/02\/WEB-33-1.jpg\" data-object-fit=\"cover\" srcset=\"https:\/\/alessianapolitano.it\/wp-content\/uploads\/2025\/02\/WEB-33-1.jpg 2200w, https:\/\/alessianapolitano.it\/wp-content\/uploads\/2025\/02\/WEB-33-1-300x200.jpg 300w, https:\/\/alessianapolitano.it\/wp-content\/uploads\/2025\/02\/WEB-33-1-1024x683.jpg 1024w, https:\/\/alessianapolitano.it\/wp-content\/uploads\/2025\/02\/WEB-33-1-768x512.jpg 768w, https:\/\/alessianapolitano.it\/wp-content\/uploads\/2025\/02\/WEB-33-1-1536x1024.jpg 1536w, https:\/\/alessianapolitano.it\/wp-content\/uploads\/2025\/02\/WEB-33-1-2048x1366.jpg 2048w\" sizes=\"auto, (max-width: 2200px) 100vw, 2200px\" \/><div class=\"wp-block-cover__inner-container is-layout-flow wp-block-cover-is-layout-flow\">\n<div class=\"wp-block-buttons is-content-justification-right is-layout-flex wp-container-core-buttons-is-layout-1 wp-block-buttons-is-layout-flex\">\n<div class=\"wp-block-button\"><a class=\"wp-block-button__link wp-element-button\" href=\"\/index.php\/category\/corsi\/\">SCOPRI I MIEI CORSI<\/a><\/div>\n<\/div>\n<\/div><\/div>\n<\/div>\n<\/div>\n\n\n\n<div class=\"wp-block-columns alignwide is-layout-flex wp-container-core-columns-is-layout-2 wp-block-columns-is-layout-flex\">\n<div class=\"wp-block-column is-vertically-aligned-center is-layout-flow wp-block-column-is-layout-flow\" style=\"flex-basis:60%\">\n<div class=\"wp-block-cover has-custom-content-position is-position-bottom-right has-aspect-ratio\" style=\"border-radius:0px;aspect-ratio:16\/9;min-height:unset;\"><span aria-hidden=\"true\" class=\"wp-block-cover__background has-background-dim-20 has-background-dim\" style=\"background-color:#896848\"><\/span><img loading=\"lazy\" decoding=\"async\" width=\"2200\" height=\"1467\" class=\"wp-block-cover__image-background wp-image-643\" alt=\"\" src=\"https:\/\/alessianapolitano.it\/wp-content\/uploads\/2025\/02\/WEB-17.jpg\" data-object-fit=\"cover\" srcset=\"https:\/\/alessianapolitano.it\/wp-content\/uploads\/2025\/02\/WEB-17.jpg 2200w, https:\/\/alessianapolitano.it\/wp-content\/uploads\/2025\/02\/WEB-17-300x200.jpg 300w, https:\/\/alessianapolitano.it\/wp-content\/uploads\/2025\/02\/WEB-17-1024x683.jpg 1024w, https:\/\/alessianapolitano.it\/wp-content\/uploads\/2025\/02\/WEB-17-768x512.jpg 768w, https:\/\/alessianapolitano.it\/wp-content\/uploads\/2025\/02\/WEB-17-1536x1024.jpg 1536w, https:\/\/alessianapolitano.it\/wp-content\/uploads\/2025\/02\/WEB-17-2048x1366.jpg 2048w\" sizes=\"auto, (max-width: 2200px) 100vw, 2200px\" \/><div class=\"wp-block-cover__inner-container is-layout-flow wp-block-cover-is-layout-flow\">\n<p class=\"has-text-align-center has-large-font-size\"><\/p>\n<\/div><\/div>\n<\/div>\n\n\n\n<div class=\"wp-block-column is-vertically-aligned-stretch is-layout-flow wp-block-column-is-layout-flow\" style=\"flex-basis:40%\">\n<h2 class=\"wp-block-heading has-text-align-left has-large-font-size\">Una critica indulgente<\/h2>\n\n\n\n<p class=\"has-text-align-left has-heading-font-family has-medium-font-size\" style=\"line-height:1.2\">Fare critica letteraria non vuol dire giudicare i libri e i loro lettori, ma intavolare un discorso sui linguaggi della letteratura.<\/p>\n\n\n\n<p>Sviluppare sguardi e pensieri sui libri per bambini pu\u00f2 vivificare un mercato editoriale oggi in grande espansione, che tuttavia rischia di omologare i gusti dei lettori, specialmente quelli del lettore adulto.&nbsp;<\/p>\n\n\n\n<p>Si pu\u00f2 fare critica letteraria di un libro bellissimo. Si pu\u00f2 fare critica letteraria di un libro meno riuscito.<\/p>\n\n\n\n<p class=\"has-text-align-left has-heading-font-family has-medium-font-size\" style=\"line-height:1.2\">Si pu\u00f2 andare in profondit\u00e0, ricordandosi sempre che un libro \u00e8 solo un libro.<\/p>\n<\/div>\n<\/div>\n\n\n\n<div class=\"wp-block-columns alignwide is-layout-flex wp-container-core-columns-is-layout-3 wp-block-columns-is-layout-flex\">\n<div class=\"wp-block-column is-vertically-aligned-stretch is-layout-flow wp-block-column-is-layout-flow\" style=\"flex-basis:40%\">\n<h2 class=\"wp-block-heading has-text-align-left has-large-font-size\">I libri possono molto, i libri non sono tutto<\/h2>\n\n\n\n<p class=\"has-text-align-left has-heading-font-family has-medium-font-size\" style=\"line-height:1.2\">Un libro non fa n\u00e9 bene n\u00e9 male.&nbsp;&nbsp;<\/p>\n\n\n\n<p>Uno dei pi\u00f9 grandi doni che ci fa la letteratura \u00e8 quello della sua inutilit\u00e0.&nbsp;<\/p>\n\n\n\n<p class=\"has-text-align-left has-heading-font-family has-medium-font-size\" style=\"line-height:1.2\">Un\u2019inutilit\u00e0 preziosissima, che mi riprometto di salvaguardare e di trasmettervi, anche e soprattutto se vi siete appassionati ai libri per bambini.<\/p>\n<\/div>\n\n\n\n<div class=\"wp-block-column is-vertically-aligned-center is-layout-flow wp-block-column-is-layout-flow\" style=\"flex-basis:60%\">\n<div class=\"wp-block-cover has-custom-content-position is-position-bottom-right has-aspect-ratio\" style=\"border-radius:0px;aspect-ratio:16\/9;min-height:unset;\"><span aria-hidden=\"true\" class=\"wp-block-cover__background has-background-dim-20 has-background-dim\" style=\"background-color:#7a7575\"><\/span><img loading=\"lazy\" decoding=\"async\" width=\"2200\" height=\"1467\" class=\"wp-block-cover__image-background wp-image-645\" alt=\"\" src=\"https:\/\/alessianapolitano.it\/wp-content\/uploads\/2025\/02\/WEB-65.jpg\" data-object-fit=\"cover\" srcset=\"https:\/\/alessianapolitano.it\/wp-content\/uploads\/2025\/02\/WEB-65.jpg 2200w, https:\/\/alessianapolitano.it\/wp-content\/uploads\/2025\/02\/WEB-65-300x200.jpg 300w, https:\/\/alessianapolitano.it\/wp-content\/uploads\/2025\/02\/WEB-65-1024x683.jpg 1024w, https:\/\/alessianapolitano.it\/wp-content\/uploads\/2025\/02\/WEB-65-768x512.jpg 768w, https:\/\/alessianapolitano.it\/wp-content\/uploads\/2025\/02\/WEB-65-1536x1024.jpg 1536w, https:\/\/alessianapolitano.it\/wp-content\/uploads\/2025\/02\/WEB-65-2048x1366.jpg 2048w\" sizes=\"auto, (max-width: 2200px) 100vw, 2200px\" \/><div class=\"wp-block-cover__inner-container is-layout-flow wp-block-cover-is-layout-flow\">\n<p class=\"has-text-align-center has-large-font-size\"><\/p>\n<\/div><\/div>\n<\/div>\n<\/div>\n\n\n\n<div class=\"wp-block-columns alignwide is-layout-flex wp-container-core-columns-is-layout-4 wp-block-columns-is-layout-flex\">\n<div class=\"wp-block-column is-vertically-aligned-center is-layout-flow wp-block-column-is-layout-flow\" style=\"flex-basis:60%\">\n<div class=\"wp-block-cover has-custom-content-position is-position-bottom-right has-aspect-ratio\" style=\"border-radius:0px;aspect-ratio:16\/9;min-height:unset;\"><span aria-hidden=\"true\" class=\"wp-block-cover__background has-background-dim-20 has-background-dim\" style=\"background-color:#67422d\"><\/span><img loading=\"lazy\" decoding=\"async\" width=\"2200\" height=\"1467\" class=\"wp-block-cover__image-background wp-image-647\" alt=\"\" src=\"https:\/\/alessianapolitano.it\/wp-content\/uploads\/2025\/02\/WEB-15.jpg\" data-object-fit=\"cover\" srcset=\"https:\/\/alessianapolitano.it\/wp-content\/uploads\/2025\/02\/WEB-15.jpg 2200w, https:\/\/alessianapolitano.it\/wp-content\/uploads\/2025\/02\/WEB-15-300x200.jpg 300w, https:\/\/alessianapolitano.it\/wp-content\/uploads\/2025\/02\/WEB-15-1024x683.jpg 1024w, https:\/\/alessianapolitano.it\/wp-content\/uploads\/2025\/02\/WEB-15-768x512.jpg 768w, https:\/\/alessianapolitano.it\/wp-content\/uploads\/2025\/02\/WEB-15-1536x1024.jpg 1536w, https:\/\/alessianapolitano.it\/wp-content\/uploads\/2025\/02\/WEB-15-2048x1366.jpg 2048w\" sizes=\"auto, (max-width: 2200px) 100vw, 2200px\" \/><div class=\"wp-block-cover__inner-container is-layout-flow wp-block-cover-is-layout-flow\">\n<div class=\"wp-block-buttons is-content-justification-right is-layout-flex wp-container-core-buttons-is-layout-2 wp-block-buttons-is-layout-flex\">\n<div class=\"wp-block-button\"><a class=\"wp-block-button__link wp-element-button\" href=\"\/index.php\/category\/incontri\/\">Scopri i FOCOLARI<\/a><\/div>\n<\/div>\n<\/div><\/div>\n<\/div>\n\n\n\n<div class=\"wp-block-column is-vertically-aligned-stretch is-layout-flow wp-block-column-is-layout-flow\" style=\"flex-basis:40%\">\n<h2 class=\"wp-block-heading has-text-align-left has-large-font-size\">Le storie, la voce<\/h2>\n\n\n\n<p class=\"has-text-align-left has-heading-font-family has-medium-font-size\" style=\"line-height:1.2\">Ci sono ancora storie che si possono narrare.<\/p>\n\n\n\n<p class=\"has-text-align-left\">Oltre ad occuparmi &#8211; come libraia e come formatrice &#8211; di editoria, sono raccontastorie e insegno a <a href=\"https:\/\/corsi.radicelabirinto.it\/courses\/raccontami-una-fiaba\">raccontare le fiabe a memoria<\/a>. <\/p>\n\n\n\n<p class=\"has-text-align-left\">Le fiabe sono per tutti, per i grandi e per i piccoli: siamo ancora una comunit\u00e0 narrante, ma abbiamo bisogno di un focolare.<\/p>\n\n\n\n<p class=\"has-text-align-left\"><\/p>\n<\/div>\n<\/div>\n<\/div>\n","protected":false},"excerpt":{"rendered":"<p>Mi chiamo Alessia Napolitano. Mi occupo di letteratura per l\u2019infanzia affidandomi a una poetica che continua ad evolversi nel tempo e grazie al confronto con tutte le mie lettrici. Uno sguardo in divenire Amo la letteratura per l\u2019infanzia proprio in virt\u00f9 di quel \u201cper\u201d precipuo che da sempre mi restituisce la giusta misura con cui [&hellip;]<\/p>\n","protected":false},"author":1,"featured_media":0,"parent":0,"menu_order":0,"comment_status":"closed","ping_status":"closed","template":"page-no-title","meta":{"_themeisle_gutenberg_block_has_review":false,"footnotes":""},"class_list":["post-56","page","type-page","status-publish","hentry"],"_links":{"self":[{"href":"https:\/\/alessianapolitano.it\/index.php\/wp-json\/wp\/v2\/pages\/56","targetHints":{"allow":["GET"]}}],"collection":[{"href":"https:\/\/alessianapolitano.it\/index.php\/wp-json\/wp\/v2\/pages"}],"about":[{"href":"https:\/\/alessianapolitano.it\/index.php\/wp-json\/wp\/v2\/types\/page"}],"author":[{"embeddable":true,"href":"https:\/\/alessianapolitano.it\/index.php\/wp-json\/wp\/v2\/users\/1"}],"replies":[{"embeddable":true,"href":"https:\/\/alessianapolitano.it\/index.php\/wp-json\/wp\/v2\/comments?post=56"}],"version-history":[{"count":45,"href":"https:\/\/alessianapolitano.it\/index.php\/wp-json\/wp\/v2\/pages\/56\/revisions"}],"predecessor-version":[{"id":898,"href":"https:\/\/alessianapolitano.it\/index.php\/wp-json\/wp\/v2\/pages\/56\/revisions\/898"}],"wp:attachment":[{"href":"https:\/\/alessianapolitano.it\/index.php\/wp-json\/wp\/v2\/media?parent=56"}],"curies":[{"name":"wp","href":"https:\/\/api.w.org\/{rel}","templated":true}]}}